{"id":8054,"date":"2025-05-27T00:56:57","date_gmt":"2025-05-27T00:56:57","guid":{"rendered":"https:\/\/staging.museeafrica.com\/?page_id=8054"},"modified":"2025-06-20T19:46:19","modified_gmt":"2025-06-20T19:46:19","slug":"doe","status":"publish","type":"page","link":"https:\/\/museeafrica.com\/fr\/exhibitions\/doe\/","title":{"rendered":"Doe"},"content":{"rendered":"<div data-elementor-type=\"wp-page\" data-elementor-id=\"8054\" class=\"elementor elementor-8054\" data-elementor-post-type=\"page\">\n\t\t\t\t<div class=\"elementor-element elementor-element-5b202ae e-flex e-con-boxed e-con e-parent\" data-id=\"5b202ae\" data-element_type=\"container\" data-e-type=\"container\">\n\t\t\t\t\t<div class=\"e-con-inner\">\n\t\t<div class=\"elementor-element elementor-element-f4c369f e-con-full e-flex e-con e-child\" data-id=\"f4c369f\" data-element_type=\"container\" data-e-type=\"container\">\n\t\t<div class=\"elementor-element elementor-element-71a7663 e-con-full e-flex e-con e-child\" data-id=\"71a7663\" data-element_type=\"container\" data-e-type=\"container\">\n\t\t\t\t<div class=\"elementor-element elementor-element-8051db1 elementor-widget elementor-widget-heading\" data-id=\"8051db1\" data-element_type=\"widget\" data-e-type=\"widget\" data-widget_type=\"heading.default\">\n\t\t\t\t<div class=\"elementor-widget-container\">\n\t\t\t\t\t<h1 class=\"elementor-heading-title elementor-size-default\">Dou<\/h1>\t\t\t\t<\/div>\n\t\t\t\t<\/div>\n\t\t\t\t<div class=\"elementor-element elementor-element-f3fc43c elementor-widget elementor-widget-text-editor\" data-id=\"f3fc43c\" data-element_type=\"widget\" data-e-type=\"widget\" data-widget_type=\"text-editor.default\">\n\t\t\t\t<div class=\"elementor-widget-container\">\n\t\t\t\t\t\t\t\t\t<p data-start=\"51\" data-end=\"676\" class=\"translation-block\"><strong data-start=\"51\" data-end=\"110\">Mohamed Ndir, connu sous le nom de Dou, est originaire du S\u00e9n\u00e9gal.<\/strong><br data-start=\"110\" data-end=\"113\">Artiste visuel autodidacte, il pratique une approche multidisciplinaire qui fait de lui l\u2019un des plus brillants de sa g\u00e9n\u00e9ration. Peintre, sculpteur, graveur et designer, il utilise une grande vari\u00e9t\u00e9 de techniques qui, combin\u00e9es \u00e0 des th\u00e8mes engag\u00e9s socialement, fa\u00e7onnent sa vision artistique. Il a r\u00e9alis\u00e9 plusieurs expositions majeures au S\u00e9n\u00e9gal et \u00e0 l\u2019\u00e9tranger, et a particip\u00e9 \u00e0 de nombreuses expositions collectives et foires d\u2019art \u00e0 Dakar et \u00e0 l\u2019international. Ses \u0153uvres font partie de prestigieuses collections priv\u00e9es et publiques, dont celle du roi Mohammed VI du Maroc.<\/p><p data-start=\"678\" data-end=\"1015\">Il appartient \u00e0 une nouvelle g\u00e9n\u00e9ration d\u2019artistes conceptuels qui ne parlent plus de \u2018racines et d\u2019ouverture\u2019 comme leurs pr\u00e9d\u00e9cesseurs, mais plut\u00f4t d\u2019\u2018ancrage et de transcendance\u2019. Ce faisant, l\u2019artiste contribue \u00e0 l\u2019interp\u00e9n\u00e9tration d\u2019un monde multidimensionnel o\u00f9 l\u2019art ne conna\u00eet aucune fronti\u00e8re \u00bb, d\u00e9clare Ibrahima Njaay, chroniqueur d\u2019art \u00e0 Dakar.<\/p>\t\t\t\t\t\t\t\t<\/div>\n\t\t\t\t<\/div>\n\t\t\t\t<div class=\"elementor-element elementor-element-7d5e391 elementor-widget-divider--view-line elementor-widget elementor-widget-divider\" data-id=\"7d5e391\" data-element_type=\"widget\" data-e-type=\"widget\" data-widget_type=\"divider.default\">\n\t\t\t\t<div class=\"elementor-widget-container\">\n\t\t\t\t\t\t\t<div class=\"elementor-divider\">\n\t\t\t<span class=\"elementor-divider-separator\">\n\t\t\t\t\t\t<\/span>\n\t\t<\/div>\n\t\t\t\t\t\t<\/div>\n\t\t\t\t<\/div>\n\t\t\t\t<div class=\"elementor-element elementor-element-aac7001 elementor-shape-circle e-grid-align-mobile-center elementor-grid-0 e-grid-align-center elementor-widget elementor-widget-social-icons\" data-id=\"aac7001\" data-element_type=\"widget\" data-e-type=\"widget\" data-widget_type=\"social-icons.default\">\n\t\t\t\t<div class=\"elementor-widget-container\">\n\t\t\t\t\t\t\t<div class=\"elementor-social-icons-wrapper elementor-grid\" role=\"list\">\n\t\t\t\t\t\t\t<span class=\"elementor-grid-item\" role=\"listitem\">\n\t\t\t\t\t<a class=\"elementor-icon elementor-social-icon elementor-social-icon-globe elementor-repeater-item-dcf5283\" href=\"https:\/\/www.dakartmarket.com\" target=\"_blank\">\n\t\t\t\t\t\t<span class=\"elementor-screen-only\">Globe<\/span>\n\t\t\t\t\t\t<svg aria-hidden=\"true\" class=\"e-font-icon-svg e-fas-globe\" viewbox=\"0 0 496 512\" xmlns=\"http:\/\/www.w3.org\/2000\/svg\"><path d=\"M336.5 160C322 70.7 287.8 8 248 8s-74 62.7-88.5 152h177zM152 256c0 22.2 1.2 43.5 3.3 64h185.3c2.1-20.5 3.3-41.8 3.3-64s-1.2-43.5-3.3-64H155.3c-2.1 20.5-3.3 41.8-3.3 64zm324.7-96c-28.6-67.9-86.5-120.4-158-141.6 24.4 33.8 41.2 84.7 50 141.6h108zM177.2 18.4C105.8 39.6 47.8 92.1 19.3 160h108c8.7-56.9 25.5-107.8 49.9-141.6zM487.4 192H372.7c2.1 21 3.3 42.5 3.3 64s-1.2 43-3.3 64h114.6c5.5-20.5 8.6-41.8 8.6-64s-3.1-43.5-8.5-64zM120 256c0-21.5 1.2-43 3.3-64H8.6C3.2 212.5 0 233.8 0 256s3.2 43.5 8.6 64h114.6c-2-21-3.2-42.5-3.2-64zm39.5 96c14.5 89.3 48.7 152 88.5 152s74-62.7 88.5-152h-177zm159.3 141.6c71.4-21.2 129.4-73.7 158-141.6h-108c-8.8 56.9-25.6 107.8-50 141.6zM19.3 352c28.6 67.9 86.5 120.4 158 141.6-24.4-33.8-41.2-84.7-50-141.6h-108z\"><\/path><\/svg>\t\t\t\t\t<\/a>\n\t\t\t\t<\/span>\n\t\t\t\t\t\t\t<span class=\"elementor-grid-item\" role=\"listitem\">\n\t\t\t\t\t<a class=\"elementor-icon elementor-social-icon elementor-social-icon-blogger-b elementor-repeater-item-aa33871\" href=\"http:\/\/wakh-art.blogspot.com\/2011\/09\/mohamed-ndir-aka-dou.html\" target=\"_blank\">\n\t\t\t\t\t\t<span class=\"elementor-screen-only\">Blogger-b<\/span>\n\t\t\t\t\t\t<svg aria-hidden=\"true\" class=\"e-font-icon-svg e-fab-blogger-b\" viewbox=\"0 0 448 512\" xmlns=\"http:\/\/www.w3.org\/2000\/svg\"><path d=\"M446.6 222.7c-1.8-8-6.8-15.4-12.5-18.5-1.8-1-13-2.2-25-2.7-20.1-.9-22.3-1.3-28.7-5-10.1-5.9-12.8-12.3-12.9-29.5-.1-33-13.8-63.7-40.9-91.3-19.3-19.7-40.9-33-65.5-40.5-5.9-1.8-19.1-2.4-63.3-2.9-69.4-.8-84.8.6-108.4 10C45.9 59.5 14.7 96.1 3.3 142.9 1.2 151.7.7 165.8.2 246.8c-.6 101.5.1 116.4 6.4 136.5 15.6 49.6 59.9 86.3 104.4 94.3 14.8 2.7 197.3 3.3 216 .8 32.5-4.4 58-17.5 81.9-41.9 17.3-17.7 28.1-36.8 35.2-62.1 4.9-17.6 4.5-142.8 2.5-151.7zm-322.1-63.6c7.8-7.9 10-8.2 58.8-8.2 43.9 0 45.4.1 51.8 3.4 9.3 4.7 13.4 11.3 13.4 21.9 0 9.5-3.8 16.2-12.3 21.6-4.6 2.9-7.3 3.1-50.3 3.3-26.5.2-47.7-.4-50.8-1.2-16.6-4.7-22.8-28.5-10.6-40.8zm191.8 199.8l-14.9 2.4-77.5.9c-68.1.8-87.3-.4-90.9-2-7.1-3.1-13.8-11.7-14.9-19.4-1.1-7.3 2.6-17.3 8.2-22.4 7.1-6.4 10.2-6.6 97.3-6.7 89.6-.1 89.1-.1 97.6 7.8 12.1 11.3 9.5 31.2-4.9 39.4z\"><\/path><\/svg>\t\t\t\t\t<\/a>\n\t\t\t\t<\/span>\n\t\t\t\t\t\t\t<span class=\"elementor-grid-item\" role=\"listitem\">\n\t\t\t\t\t<a class=\"elementor-icon elementor-social-icon elementor-social-icon-facebook elementor-repeater-item-4d7eaec\" href=\"https:\/\/www.facebook.com\/DakArtMarket\" target=\"_blank\">\n\t\t\t\t\t\t<span class=\"elementor-screen-only\">Facebook<\/span>\n\t\t\t\t\t\t<svg aria-hidden=\"true\" class=\"e-font-icon-svg e-fab-facebook\" viewbox=\"0 0 512 512\" xmlns=\"http:\/\/www.w3.org\/2000\/svg\"><path d=\"M504 256C504 119 393 8 256 8S8 119 8 256c0 123.78 90.69 226.38 209.25 245V327.69h-63V256h63v-54.64c0-62.15 37-96.48 93.67-96.48 27.14 0 55.52 4.84 55.52 4.84v61h-31.28c-30.8 0-40.41 19.12-40.41 38.73V256h68.78l-11 71.69h-57.78V501C413.31 482.38 504 379.78 504 256z\"><\/path><\/svg>\t\t\t\t\t<\/a>\n\t\t\t\t<\/span>\n\t\t\t\t\t\t\t<span class=\"elementor-grid-item\" role=\"listitem\">\n\t\t\t\t\t<a class=\"elementor-icon elementor-social-icon elementor-social-icon-x-twitter elementor-repeater-item-cfa8ab9\" href=\"https:\/\/x.com\/DakArtMarket\" target=\"_blank\">\n\t\t\t\t\t\t<span class=\"elementor-screen-only\">X-twitter<\/span>\n\t\t\t\t\t\t<svg aria-hidden=\"true\" class=\"e-font-icon-svg e-fab-x-twitter\" viewbox=\"0 0 512 512\" xmlns=\"http:\/\/www.w3.org\/2000\/svg\"><path d=\"M389.2 48h70.6L305.6 224.2 487 464H345L233.7 318.6 106.5 464H35.8L200.7 275.5 26.8 48H172.4L272.9 180.9 389.2 48zM364.4 421.8h39.1L151.1 88h-42L364.4 421.8z\"><\/path><\/svg>\t\t\t\t\t<\/a>\n\t\t\t\t<\/span>\n\t\t\t\t\t<\/div>\n\t\t\t\t\t\t<\/div>\n\t\t\t\t<\/div>\n\t\t\t\t<\/div>\n\t\t\t\t<\/div>\n\t\t\t\t\t<\/div>\n\t\t\t\t<\/div>\n\t\t<div class=\"elementor-element elementor-element-4562e95b e-con-full e-flex e-con e-parent\" data-id=\"4562e95b\" data-element_type=\"container\" data-e-type=\"container\">\n\t\t\t\t<div class=\"elementor-element elementor-element-65663056 elementor-widget elementor-widget-gallery\" data-id=\"65663056\" data-element_type=\"widget\" data-e-type=\"widget\" data-settings=\"{&quot;columns&quot;:2,&quot;gap&quot;:{&quot;unit&quot;:&quot;px&quot;,&quot;size&quot;:14,&quot;sizes&quot;:[]},&quot;lazyload&quot;:&quot;yes&quot;,&quot;gallery_layout&quot;:&quot;grid&quot;,&quot;columns_tablet&quot;:2,&quot;columns_mobile&quot;:1,&quot;gap_tablet&quot;:{&quot;unit&quot;:&quot;px&quot;,&quot;size&quot;:10,&quot;sizes&quot;:[]},&quot;gap_mobile&quot;:{&quot;unit&quot;:&quot;px&quot;,&quot;size&quot;:10,&quot;sizes&quot;:[]},&quot;link_to&quot;:&quot;file&quot;,&quot;aspect_ratio&quot;:&quot;3:2&quot;,&quot;overlay_background&quot;:&quot;yes&quot;,&quot;content_hover_animation&quot;:&quot;fade-in&quot;}\" data-widget_type=\"gallery.default\">\n\t\t\t\t<div class=\"elementor-widget-container\">\n\t\t\t\t\t\t\t<div class=\"elementor-gallery__container\">\n\t\t\t\t\t\t\t<a class=\"e-gallery-item elementor-gallery-item elementor-animated-content\" href=\"https:\/\/museeafrica.com\/wp-content\/uploads\/2025\/05\/IMG_20230908_164804-scaled-2.jpeg\" data-elementor-open-lightbox=\"yes\" data-elementor-lightbox-slideshow=\"65663056\" data-e-action-hash=\"#elementor-action%3Aaction%3Dlightbox%26settings%3DeyJpZCI6ODExMywidXJsIjoiaHR0cHM6XC9cL211c2VlYWZyaWNhLmNvbVwvd3AtY29udGVudFwvdXBsb2Fkc1wvMjAyNVwvMDVcL0lNR18yMDIzMDkwOF8xNjQ4MDQtc2NhbGVkLTIuanBlZyIsInNsaWRlc2hvdyI6IjY1NjYzMDU2In0%3D\">\n\t\t\t\t\t<div class=\"e-gallery-image elementor-gallery-item__image\" data-thumbnail=\"https:\/\/museeafrica.com\/wp-content\/uploads\/2025\/05\/IMG_20230908_164804-scaled-2-768x1024.jpeg\" data-width=\"768\" data-height=\"1024\" aria-label=\"\" role=\"img\" ><\/div>\n\t\t\t\t\t\t\t\t\t\t\t<div class=\"elementor-gallery-item__overlay\"><\/div>\n\t\t\t\t\t\t\t\t\t\t\t\t\t\t<\/a>\n\t\t\t\t\t\t\t<a class=\"e-gallery-item elementor-gallery-item elementor-animated-content\" href=\"https:\/\/museeafrica.com\/wp-content\/uploads\/2025\/05\/IMG_20230908_164828-scaled-1.jpeg\" data-elementor-open-lightbox=\"yes\" data-elementor-lightbox-slideshow=\"65663056\" data-e-action-hash=\"#elementor-action%3Aaction%3Dlightbox%26settings%3DeyJpZCI6ODExMSwidXJsIjoiaHR0cHM6XC9cL211c2VlYWZyaWNhLmNvbVwvd3AtY29udGVudFwvdXBsb2Fkc1wvMjAyNVwvMDVcL0lNR18yMDIzMDkwOF8xNjQ4Mjgtc2NhbGVkLTEuanBlZyIsInNsaWRlc2hvdyI6IjY1NjYzMDU2In0%3D\">\n\t\t\t\t\t<div class=\"e-gallery-image elementor-gallery-item__image\" data-thumbnail=\"https:\/\/museeafrica.com\/wp-content\/uploads\/2025\/05\/IMG_20230908_164828-scaled-1-768x1024.jpeg\" data-width=\"768\" data-height=\"1024\" aria-label=\"\" role=\"img\" ><\/div>\n\t\t\t\t\t\t\t\t\t\t\t<div class=\"elementor-gallery-item__overlay\"><\/div>\n\t\t\t\t\t\t\t\t\t\t\t\t\t\t<\/a>\n\t\t\t\t\t\t\t<a class=\"e-gallery-item elementor-gallery-item elementor-animated-content\" href=\"https:\/\/museeafrica.com\/wp-content\/uploads\/2025\/05\/thumbnail-2.jpeg\" data-elementor-open-lightbox=\"yes\" data-elementor-lightbox-slideshow=\"65663056\" data-e-action-hash=\"#elementor-action%3Aaction%3Dlightbox%26settings%3DeyJpZCI6ODExMiwidXJsIjoiaHR0cHM6XC9cL211c2VlYWZyaWNhLmNvbVwvd3AtY29udGVudFwvdXBsb2Fkc1wvMjAyNVwvMDVcL3RodW1ibmFpbC0yLmpwZWciLCJzbGlkZXNob3ciOiI2NTY2MzA1NiJ9\">\n\t\t\t\t\t<div class=\"e-gallery-image elementor-gallery-item__image\" data-thumbnail=\"https:\/\/museeafrica.com\/wp-content\/uploads\/2025\/05\/thumbnail-2-1024x673.jpeg\" data-width=\"840\" data-height=\"552\" aria-label=\"\" role=\"img\" ><\/div>\n\t\t\t\t\t\t\t\t\t\t\t<div class=\"elementor-gallery-item__overlay\"><\/div>\n\t\t\t\t\t\t\t\t\t\t\t\t\t\t<\/a>\n\t\t\t\t\t\t\t<a class=\"e-gallery-item elementor-gallery-item elementor-animated-content\" href=\"https:\/\/museeafrica.com\/wp-content\/uploads\/2025\/05\/thumbnail-3.jpeg\" data-elementor-open-lightbox=\"yes\" data-elementor-lightbox-slideshow=\"65663056\" data-e-action-hash=\"#elementor-action%3Aaction%3Dlightbox%26settings%3DeyJpZCI6ODExNCwidXJsIjoiaHR0cHM6XC9cL211c2VlYWZyaWNhLmNvbVwvd3AtY29udGVudFwvdXBsb2Fkc1wvMjAyNVwvMDVcL3RodW1ibmFpbC0zLmpwZWciLCJzbGlkZXNob3ciOiI2NTY2MzA1NiJ9\">\n\t\t\t\t\t<div class=\"e-gallery-image elementor-gallery-item__image\" data-thumbnail=\"https:\/\/museeafrica.com\/wp-content\/uploads\/2025\/05\/thumbnail-3-1024x689.jpeg\" data-width=\"840\" data-height=\"565\" aria-label=\"\" role=\"img\" ><\/div>\n\t\t\t\t\t\t\t\t\t\t\t<div class=\"elementor-gallery-item__overlay\"><\/div>\n\t\t\t\t\t\t\t\t\t\t\t\t\t\t<\/a>\n\t\t\t\t\t\t\t<a class=\"e-gallery-item elementor-gallery-item elementor-animated-content\" href=\"https:\/\/museeafrica.com\/wp-content\/uploads\/2025\/05\/thumbnail-4.jpeg\" data-elementor-open-lightbox=\"yes\" data-elementor-lightbox-slideshow=\"65663056\" data-e-action-hash=\"#elementor-action%3Aaction%3Dlightbox%26settings%3DeyJpZCI6ODExNiwidXJsIjoiaHR0cHM6XC9cL211c2VlYWZyaWNhLmNvbVwvd3AtY29udGVudFwvdXBsb2Fkc1wvMjAyNVwvMDVcL3RodW1ibmFpbC00LmpwZWciLCJzbGlkZXNob3ciOiI2NTY2MzA1NiJ9\">\n\t\t\t\t\t<div class=\"e-gallery-image elementor-gallery-item__image\" data-thumbnail=\"https:\/\/museeafrica.com\/wp-content\/uploads\/2025\/05\/thumbnail-4.jpeg\" data-width=\"840\" data-height=\"630\" aria-label=\"\" role=\"img\" ><\/div>\n\t\t\t\t\t\t\t\t\t\t\t<div class=\"elementor-gallery-item__overlay\"><\/div>\n\t\t\t\t\t\t\t\t\t\t\t\t\t\t<\/a>\n\t\t\t\t\t\t\t<a class=\"e-gallery-item elementor-gallery-item elementor-animated-content\" href=\"https:\/\/museeafrica.com\/wp-content\/uploads\/2025\/05\/thumbnail-7.jpeg\" data-elementor-open-lightbox=\"yes\" data-elementor-lightbox-slideshow=\"65663056\" data-e-action-hash=\"#elementor-action%3Aaction%3Dlightbox%26settings%3DeyJpZCI6ODExNywidXJsIjoiaHR0cHM6XC9cL211c2VlYWZyaWNhLmNvbVwvd3AtY29udGVudFwvdXBsb2Fkc1wvMjAyNVwvMDVcL3RodW1ibmFpbC03LmpwZWciLCJzbGlkZXNob3ciOiI2NTY2MzA1NiJ9\">\n\t\t\t\t\t<div class=\"e-gallery-image elementor-gallery-item__image\" data-thumbnail=\"https:\/\/museeafrica.com\/wp-content\/uploads\/2025\/05\/thumbnail-7-800x1024.jpeg\" data-width=\"800\" data-height=\"1024\" aria-label=\"\" role=\"img\" ><\/div>\n\t\t\t\t\t\t\t\t\t\t\t<div class=\"elementor-gallery-item__overlay\"><\/div>\n\t\t\t\t\t\t\t\t\t\t\t\t\t\t<\/a>\n\t\t\t\t\t<\/div>\n\t\t\t\t\t<\/div>\n\t\t\t\t<\/div>\n\t\t\t\t<\/div>\n\t\t<div class=\"elementor-element elementor-element-08f1de5 e-flex e-con-boxed e-con e-parent\" data-id=\"08f1de5\" data-element_type=\"container\" data-e-type=\"container\">\n\t\t\t\t\t<div class=\"e-con-inner\">\n\t\t\t\t<div class=\"elementor-element elementor-element-d5a9e1c elementor-widget elementor-widget-video\" data-id=\"d5a9e1c\" data-element_type=\"widget\" data-e-type=\"widget\" data-settings=\"{&quot;youtube_url&quot;:&quot;https:\\\/\\\/youtu.be\\\/pgpWW06kxsY?si=M0nbihRw3gi8xQgw&quot;,&quot;video_type&quot;:&quot;youtube&quot;}\" data-widget_type=\"video.default\">\n\t\t\t\t<div class=\"elementor-widget-container\">\n\t\t\t\t\t\t\t<div class=\"elementor-wrapper elementor-open-inline\">\n\t\t\t<div class=\"elementor-video\"><\/div>\t\t<\/div>\n\t\t\t\t\t\t<\/div>\n\t\t\t\t<\/div>\n\t\t\t\t\t<\/div>\n\t\t\t\t<\/div>\n\t\t\t\t<\/div>","protected":false},"excerpt":{"rendered":"<div class=\"tmnf_excerpt clearfix\"><p>Dou Mohamed Ndir, known as Dou, is originally from Senegal.A self-taught visual artist, he practices a multidisciplinary approach that makes him one of the most brilliant of his generation. As a painter, sculptor, engraver, and designer, he employs a wide range of techniques which, combined with socially engaged themes, shape his artistic vision. He has &hellip;<\/p>\n<\/div>","protected":false},"author":1,"featured_media":0,"parent":5646,"menu_order":0,"comment_status":"closed","ping_status":"closed","template":"homepage.php","meta":{"_monsterinsights_skip_tracking":false,"_monsterinsights_sitenote_active":false,"_monsterinsights_sitenote_note":"","_monsterinsights_sitenote_category":0,"footnotes":""},"class_list":["post-8054","page","type-page","status-publish","hentry"],"aioseo_notices":[],"_links":{"self":[{"href":"https:\/\/museeafrica.com\/fr\/wp-json\/wp\/v2\/pages\/8054","targetHints":{"allow":["GET"]}}],"collection":[{"href":"https:\/\/museeafrica.com\/fr\/wp-json\/wp\/v2\/pages"}],"about":[{"href":"https:\/\/museeafrica.com\/fr\/wp-json\/wp\/v2\/types\/page"}],"author":[{"embeddable":true,"href":"https:\/\/museeafrica.com\/fr\/wp-json\/wp\/v2\/users\/1"}],"replies":[{"embeddable":true,"href":"https:\/\/museeafrica.com\/fr\/wp-json\/wp\/v2\/comments?post=8054"}],"version-history":[{"count":47,"href":"https:\/\/museeafrica.com\/fr\/wp-json\/wp\/v2\/pages\/8054\/revisions"}],"predecessor-version":[{"id":9183,"href":"https:\/\/museeafrica.com\/fr\/wp-json\/wp\/v2\/pages\/8054\/revisions\/9183"}],"up":[{"embeddable":true,"href":"https:\/\/museeafrica.com\/fr\/wp-json\/wp\/v2\/pages\/5646"}],"wp:attachment":[{"href":"https:\/\/museeafrica.com\/fr\/wp-json\/wp\/v2\/media?parent=8054"}],"curies":[{"name":"wp","href":"https:\/\/api.w.org\/{rel}","templated":true}]}}