{"id":7468,"date":"2025-05-14T02:00:27","date_gmt":"2025-05-14T02:00:27","guid":{"rendered":"https:\/\/staging.museeafrica.com\/?page_id=7468"},"modified":"2025-06-20T19:42:55","modified_gmt":"2025-06-20T19:42:55","slug":"achilles-kouame","status":"publish","type":"page","link":"https:\/\/museeafrica.com\/fr\/exhibitions\/achilles-kouame\/","title":{"rendered":"Achilles Kouam\u00e9"},"content":{"rendered":"<div data-elementor-type=\"wp-page\" data-elementor-id=\"7468\" class=\"elementor elementor-7468\" data-elementor-post-type=\"page\">\n\t\t\t\t<section class=\"elementor-element elementor-element-7c32fc2a e-flex e-con-boxed e-con e-parent\" data-id=\"7c32fc2a\" data-element_type=\"container\" data-e-type=\"container\">\n\t\t\t\t\t<div class=\"e-con-inner\">\n\t\t\t\t<div class=\"elementor-element elementor-element-4f101c83 elementor-widget elementor-widget-heading\" data-id=\"4f101c83\" data-element_type=\"widget\" data-e-type=\"widget\" data-widget_type=\"heading.default\">\n\t\t\t\t<div class=\"elementor-widget-container\">\n\t\t\t\t\t<h3 class=\"elementor-heading-title elementor-size-default\">Achilles Kouam\u00e9<\/h3>\t\t\t\t<\/div>\n\t\t\t\t<\/div>\n\t\t\t\t<div class=\"elementor-element elementor-element-a698a2d elementor-widget elementor-widget-text-editor\" data-id=\"a698a2d\" data-element_type=\"widget\" data-e-type=\"widget\" data-widget_type=\"text-editor.default\">\n\t\t\t\t<div class=\"elementor-widget-container\">\n\t\t\t\t\t\t\t\t\t<p><strong>Achilles Kouam\u00e9 est n\u00e9 en C\u00f4te d\u2019Ivoire.<\/strong><\/p><p>Les bidonvilles et les sc\u00e8nes urbaines d\u2019Afrique, du Canada et d\u2019ailleurs, qui nourrissent ses gestes picturaux, lui offrent une abondance de personnages, d\u2019objets, de graffitis et surtout de couleurs. Cependant, il rompt avec l\u2019approche photographique attendue gr\u00e2ce \u00e0 la singularit\u00e9 de sa technique de peinture, qui \u00e9limine toute lueur lumineuse. En effet, il refuse de faire scintiller son huile. Celle-ci est trait\u00e9e selon un art dont il garde le secret, et qui conf\u00e8re \u00e0 son toucher des tons mats, empreints d\u2019un fort aspect vieilli.<\/p>\t\t\t\t\t\t\t\t<\/div>\n\t\t\t\t<\/div>\n\t\t\t\t<div class=\"elementor-element elementor-element-6f390c2 elementor-widget-divider--view-line elementor-widget elementor-widget-divider\" data-id=\"6f390c2\" data-element_type=\"widget\" data-e-type=\"widget\" data-widget_type=\"divider.default\">\n\t\t\t\t<div class=\"elementor-widget-container\">\n\t\t\t\t\t\t\t<div class=\"elementor-divider\">\n\t\t\t<span class=\"elementor-divider-separator\">\n\t\t\t\t\t\t<\/span>\n\t\t<\/div>\n\t\t\t\t\t\t<\/div>\n\t\t\t\t<\/div>\n\t\t\t\t<div class=\"elementor-element elementor-element-7209ed6 elementor-shape-circle e-grid-align-mobile-center elementor-grid-0 e-grid-align-center elementor-widget elementor-widget-social-icons\" data-id=\"7209ed6\" data-element_type=\"widget\" data-e-type=\"widget\" data-widget_type=\"social-icons.default\">\n\t\t\t\t<div class=\"elementor-widget-container\">\n\t\t\t\t\t\t\t<div class=\"elementor-social-icons-wrapper elementor-grid\" role=\"list\">\n\t\t\t\t\t\t\t<span class=\"elementor-grid-item\" role=\"listitem\">\n\t\t\t\t\t<a class=\"elementor-icon elementor-social-icon elementor-social-icon-globe elementor-repeater-item-dcf5283\" href=\"https:\/\/ait-said.net\/Nadia_Ait-Said_Francais\/index.html\" target=\"_blank\">\n\t\t\t\t\t\t<span class=\"elementor-screen-only\">Globe<\/span>\n\t\t\t\t\t\t<svg aria-hidden=\"true\" class=\"e-font-icon-svg e-fas-globe\" viewbox=\"0 0 496 512\" xmlns=\"http:\/\/www.w3.org\/2000\/svg\"><path d=\"M336.5 160C322 70.7 287.8 8 248 8s-74 62.7-88.5 152h177zM152 256c0 22.2 1.2 43.5 3.3 64h185.3c2.1-20.5 3.3-41.8 3.3-64s-1.2-43.5-3.3-64H155.3c-2.1 20.5-3.3 41.8-3.3 64zm324.7-96c-28.6-67.9-86.5-120.4-158-141.6 24.4 33.8 41.2 84.7 50 141.6h108zM177.2 18.4C105.8 39.6 47.8 92.1 19.3 160h108c8.7-56.9 25.5-107.8 49.9-141.6zM487.4 192H372.7c2.1 21 3.3 42.5 3.3 64s-1.2 43-3.3 64h114.6c5.5-20.5 8.6-41.8 8.6-64s-3.1-43.5-8.5-64zM120 256c0-21.5 1.2-43 3.3-64H8.6C3.2 212.5 0 233.8 0 256s3.2 43.5 8.6 64h114.6c-2-21-3.2-42.5-3.2-64zm39.5 96c14.5 89.3 48.7 152 88.5 152s74-62.7 88.5-152h-177zm159.3 141.6c71.4-21.2 129.4-73.7 158-141.6h-108c-8.8 56.9-25.6 107.8-50 141.6zM19.3 352c28.6 67.9 86.5 120.4 158 141.6-24.4-33.8-41.2-84.7-50-141.6h-108z\"><\/path><\/svg>\t\t\t\t\t<\/a>\n\t\t\t\t<\/span>\n\t\t\t\t\t\t\t<span class=\"elementor-grid-item\" role=\"listitem\">\n\t\t\t\t\t<a class=\"elementor-icon elementor-social-icon elementor-social-icon-facebook elementor-repeater-item-aa33871\" href=\"https:\/\/www.facebook.com\/achilles.kouame\" target=\"_blank\">\n\t\t\t\t\t\t<span class=\"elementor-screen-only\">Facebook<\/span>\n\t\t\t\t\t\t<svg aria-hidden=\"true\" class=\"e-font-icon-svg e-fab-facebook\" viewbox=\"0 0 512 512\" xmlns=\"http:\/\/www.w3.org\/2000\/svg\"><path d=\"M504 256C504 119 393 8 256 8S8 119 8 256c0 123.78 90.69 226.38 209.25 245V327.69h-63V256h63v-54.64c0-62.15 37-96.48 93.67-96.48 27.14 0 55.52 4.84 55.52 4.84v61h-31.28c-30.8 0-40.41 19.12-40.41 38.73V256h68.78l-11 71.69h-57.78V501C413.31 482.38 504 379.78 504 256z\"><\/path><\/svg>\t\t\t\t\t<\/a>\n\t\t\t\t<\/span>\n\t\t\t\t\t\t\t<span class=\"elementor-grid-item\" role=\"listitem\">\n\t\t\t\t\t<a class=\"elementor-icon elementor-social-icon elementor-social-icon-youtube elementor-repeater-item-e90ffb2\" href=\"https:\/\/www.youtube.com\/channel\/UCABm147-KEVfqCHbCe3YopQ\" target=\"_blank\">\n\t\t\t\t\t\t<span class=\"elementor-screen-only\">Youtube<\/span>\n\t\t\t\t\t\t<svg aria-hidden=\"true\" class=\"e-font-icon-svg e-fab-youtube\" viewbox=\"0 0 576 512\" xmlns=\"http:\/\/www.w3.org\/2000\/svg\"><path d=\"M549.655 124.083c-6.281-23.65-24.787-42.276-48.284-48.597C458.781 64 288 64 288 64S117.22 64 74.629 75.486c-23.497 6.322-42.003 24.947-48.284 48.597-11.412 42.867-11.412 132.305-11.412 132.305s0 89.438 11.412 132.305c6.281 23.65 24.787 41.5 48.284 47.821C117.22 448 288 448 288 448s170.78 0 213.371-11.486c23.497-6.321 42.003-24.171 48.284-47.821 11.412-42.867 11.412-132.305 11.412-132.305s0-89.438-11.412-132.305zm-317.51 213.508V175.185l142.739 81.205-142.739 81.201z\"><\/path><\/svg>\t\t\t\t\t<\/a>\n\t\t\t\t<\/span>\n\t\t\t\t\t<\/div>\n\t\t\t\t\t\t<\/div>\n\t\t\t\t<\/div>\n\t\t\t\t\t<\/div>\n\t\t\t\t<\/section>\n\t\t<div class=\"elementor-element elementor-element-4d0d8f91 e-con-full e-flex e-con e-parent\" data-id=\"4d0d8f91\" data-element_type=\"container\" data-e-type=\"container\" data-settings=\"{&quot;background_background&quot;:&quot;classic&quot;}\">\n\t\t\t\t<div class=\"elementor-element elementor-element-5fab7a73 elementor-widget elementor-widget-gallery\" data-id=\"5fab7a73\" data-element_type=\"widget\" data-e-type=\"widget\" data-settings=\"{&quot;columns&quot;:2,&quot;gap&quot;:{&quot;unit&quot;:&quot;px&quot;,&quot;size&quot;:14,&quot;sizes&quot;:[]},&quot;_animation&quot;:&quot;none&quot;,&quot;lazyload&quot;:&quot;yes&quot;,&quot;gallery_layout&quot;:&quot;grid&quot;,&quot;columns_tablet&quot;:2,&quot;columns_mobile&quot;:1,&quot;gap_tablet&quot;:{&quot;unit&quot;:&quot;px&quot;,&quot;size&quot;:10,&quot;sizes&quot;:[]},&quot;gap_mobile&quot;:{&quot;unit&quot;:&quot;px&quot;,&quot;size&quot;:10,&quot;sizes&quot;:[]},&quot;link_to&quot;:&quot;file&quot;,&quot;aspect_ratio&quot;:&quot;3:2&quot;,&quot;overlay_background&quot;:&quot;yes&quot;,&quot;content_hover_animation&quot;:&quot;fade-in&quot;}\" data-widget_type=\"gallery.default\">\n\t\t\t\t<div class=\"elementor-widget-container\">\n\t\t\t\t\t\t\t<div class=\"elementor-gallery__container\">\n\t\t\t\t\t\t\t<a class=\"e-gallery-item elementor-gallery-item elementor-animated-content\" href=\"https:\/\/museeafrica.com\/wp-content\/uploads\/2025\/05\/Titrologues-2-Huile-sur-toile-61x76cm-24x30JPG.jpeg\" data-elementor-open-lightbox=\"yes\" data-elementor-lightbox-slideshow=\"5fab7a73\" data-elementor-lightbox-title=\"Titrologues-2-Huile-sur-toile-61x76cm-24x30JPG\" data-e-action-hash=\"#elementor-action%3Aaction%3Dlightbox%26settings%3DeyJpZCI6NzgzMSwidXJsIjoiaHR0cHM6XC9cL211c2VlYWZyaWNhLmNvbVwvd3AtY29udGVudFwvdXBsb2Fkc1wvMjAyNVwvMDVcL1RpdHJvbG9ndWVzLTItSHVpbGUtc3VyLXRvaWxlLTYxeDc2Y20tMjR4MzBKUEcuanBlZyIsInNsaWRlc2hvdyI6IjVmYWI3YTczIn0%3D\">\n\t\t\t\t\t<div class=\"e-gallery-image elementor-gallery-item__image\" data-thumbnail=\"https:\/\/museeafrica.com\/wp-content\/uploads\/2025\/05\/Titrologues-2-Huile-sur-toile-61x76cm-24x30JPG-1024x807.jpeg\" data-width=\"840\" data-height=\"662\" aria-label=\"\" role=\"img\" ><\/div>\n\t\t\t\t\t\t\t\t\t\t\t<div class=\"elementor-gallery-item__overlay\"><\/div>\n\t\t\t\t\t\t\t\t\t\t\t\t\t\t<\/a>\n\t\t\t\t\t\t\t<a class=\"e-gallery-item elementor-gallery-item elementor-animated-content\" href=\"https:\/\/museeafrica.com\/wp-content\/uploads\/2025\/05\/Journee-ordinaire-huile-sur-toile-91x91cm-36x36-1.jpeg\" data-elementor-open-lightbox=\"yes\" data-elementor-lightbox-slideshow=\"5fab7a73\" data-elementor-lightbox-title=\"Journee-ordinaire-huile-sur-toile-91x91cm-36x36-1\" data-e-action-hash=\"#elementor-action%3Aaction%3Dlightbox%26settings%3DeyJpZCI6NzgzMiwidXJsIjoiaHR0cHM6XC9cL211c2VlYWZyaWNhLmNvbVwvd3AtY29udGVudFwvdXBsb2Fkc1wvMjAyNVwvMDVcL0pvdXJuZWUtb3JkaW5haXJlLWh1aWxlLXN1ci10b2lsZS05MXg5MWNtLTM2eDM2LTEuanBlZyIsInNsaWRlc2hvdyI6IjVmYWI3YTczIn0%3D\">\n\t\t\t\t\t<div class=\"e-gallery-image elementor-gallery-item__image\" data-thumbnail=\"https:\/\/museeafrica.com\/wp-content\/uploads\/2025\/05\/Journee-ordinaire-huile-sur-toile-91x91cm-36x36-1-1024x1021.jpeg\" data-width=\"840\" data-height=\"838\" aria-label=\"\" role=\"img\" ><\/div>\n\t\t\t\t\t\t\t\t\t\t\t<div class=\"elementor-gallery-item__overlay\"><\/div>\n\t\t\t\t\t\t\t\t\t\t\t\t\t\t<\/a>\n\t\t\t\t\t\t\t<a class=\"e-gallery-item elementor-gallery-item elementor-animated-content\" href=\"https:\/\/museeafrica.com\/wp-content\/uploads\/2025\/05\/Derriere-le-resto-Huile-sur-toile-20x-30-cm-51x-76.jpeg\" data-elementor-open-lightbox=\"yes\" data-elementor-lightbox-slideshow=\"5fab7a73\" data-elementor-lightbox-title=\"Derriere-le-resto-Huile-sur-toile-20x-30-cm-51x-76\" data-e-action-hash=\"#elementor-action%3Aaction%3Dlightbox%26settings%3DeyJpZCI6NzgzNiwidXJsIjoiaHR0cHM6XC9cL211c2VlYWZyaWNhLmNvbVwvd3AtY29udGVudFwvdXBsb2Fkc1wvMjAyNVwvMDVcL0RlcnJpZXJlLWxlLXJlc3RvLUh1aWxlLXN1ci10b2lsZS0yMHgtMzAtY20tNTF4LTc2LmpwZWciLCJzbGlkZXNob3ciOiI1ZmFiN2E3MyJ9\">\n\t\t\t\t\t<div class=\"e-gallery-image elementor-gallery-item__image\" data-thumbnail=\"https:\/\/museeafrica.com\/wp-content\/uploads\/2025\/05\/Derriere-le-resto-Huile-sur-toile-20x-30-cm-51x-76-1024x683.jpeg\" data-width=\"840\" data-height=\"560\" aria-label=\"\" role=\"img\" ><\/div>\n\t\t\t\t\t\t\t\t\t\t\t<div class=\"elementor-gallery-item__overlay\"><\/div>\n\t\t\t\t\t\t\t\t\t\t\t\t\t\t<\/a>\n\t\t\t\t\t\t\t<a class=\"e-gallery-item elementor-gallery-item elementor-animated-content\" href=\"https:\/\/museeafrica.com\/wp-content\/uploads\/2025\/05\/Vaillants-Travailleurs-1-Huile-sur-toile-41x-51cm-16x-20.jpeg\" data-elementor-open-lightbox=\"yes\" data-elementor-lightbox-slideshow=\"5fab7a73\" data-elementor-lightbox-title=\"Vaillants-Travailleurs-1-Huile-sur-toile-41x-51cm-16x-20\" data-e-action-hash=\"#elementor-action%3Aaction%3Dlightbox%26settings%3DeyJpZCI6NzgzNywidXJsIjoiaHR0cHM6XC9cL211c2VlYWZyaWNhLmNvbVwvd3AtY29udGVudFwvdXBsb2Fkc1wvMjAyNVwvMDVcL1ZhaWxsYW50cy1UcmF2YWlsbGV1cnMtMS1IdWlsZS1zdXItdG9pbGUtNDF4LTUxY20tMTZ4LTIwLmpwZWciLCJzbGlkZXNob3ciOiI1ZmFiN2E3MyJ9\">\n\t\t\t\t\t<div class=\"e-gallery-image elementor-gallery-item__image\" data-thumbnail=\"https:\/\/museeafrica.com\/wp-content\/uploads\/2025\/05\/Vaillants-Travailleurs-1-Huile-sur-toile-41x-51cm-16x-20-1024x822.jpeg\" data-width=\"840\" data-height=\"674\" aria-label=\"\" role=\"img\" ><\/div>\n\t\t\t\t\t\t\t\t\t\t\t<div class=\"elementor-gallery-item__overlay\"><\/div>\n\t\t\t\t\t\t\t\t\t\t\t\t\t\t<\/a>\n\t\t\t\t\t\t\t<a class=\"e-gallery-item elementor-gallery-item elementor-animated-content\" href=\"https:\/\/museeafrica.com\/wp-content\/uploads\/2025\/05\/Eboueur3-Huile-sur-toile-41x51cm-16x20-1.jpeg\" data-elementor-open-lightbox=\"yes\" data-elementor-lightbox-slideshow=\"5fab7a73\" data-elementor-lightbox-title=\"Eboueur3-Huile-sur-toile-41x51cm-16x20-1\" data-e-action-hash=\"#elementor-action%3Aaction%3Dlightbox%26settings%3DeyJpZCI6NzgzOSwidXJsIjoiaHR0cHM6XC9cL211c2VlYWZyaWNhLmNvbVwvd3AtY29udGVudFwvdXBsb2Fkc1wvMjAyNVwvMDVcL0Vib3VldXIzLUh1aWxlLXN1ci10b2lsZS00MXg1MWNtLTE2eDIwLTEuanBlZyIsInNsaWRlc2hvdyI6IjVmYWI3YTczIn0%3D\">\n\t\t\t\t\t<div class=\"e-gallery-image elementor-gallery-item__image\" data-thumbnail=\"https:\/\/museeafrica.com\/wp-content\/uploads\/2025\/05\/Eboueur3-Huile-sur-toile-41x51cm-16x20-1-1024x816.jpeg\" data-width=\"840\" data-height=\"669\" aria-label=\"\" role=\"img\" ><\/div>\n\t\t\t\t\t\t\t\t\t\t\t<div class=\"elementor-gallery-item__overlay\"><\/div>\n\t\t\t\t\t\t\t\t\t\t\t\t\t\t<\/a>\n\t\t\t\t\t\t\t<a class=\"e-gallery-item elementor-gallery-item elementor-animated-content\" href=\"https:\/\/museeafrica.com\/wp-content\/uploads\/2025\/05\/Dure-journee-2-Huile-sur-toile-60x-90cm-24x-36__.jpeg\" data-elementor-open-lightbox=\"yes\" data-elementor-lightbox-slideshow=\"5fab7a73\" data-elementor-lightbox-title=\"Dure-journee-2-Huile-sur-toile-60x-90cm-24x-36__\" data-e-action-hash=\"#elementor-action%3Aaction%3Dlightbox%26settings%3DeyJpZCI6Nzg0MCwidXJsIjoiaHR0cHM6XC9cL211c2VlYWZyaWNhLmNvbVwvd3AtY29udGVudFwvdXBsb2Fkc1wvMjAyNVwvMDVcL0R1cmUtam91cm5lZS0yLUh1aWxlLXN1ci10b2lsZS02MHgtOTBjbS0yNHgtMzZfXy5qcGVnIiwic2xpZGVzaG93IjoiNWZhYjdhNzMifQ%3D%3D\">\n\t\t\t\t\t<div class=\"e-gallery-image elementor-gallery-item__image\" data-thumbnail=\"https:\/\/museeafrica.com\/wp-content\/uploads\/2025\/05\/Dure-journee-2-Huile-sur-toile-60x-90cm-24x-36__-1024x685.jpeg\" data-width=\"840\" data-height=\"562\" aria-label=\"\" role=\"img\" ><\/div>\n\t\t\t\t\t\t\t\t\t\t\t<div class=\"elementor-gallery-item__overlay\"><\/div>\n\t\t\t\t\t\t\t\t\t\t\t\t\t\t<\/a>\n\t\t\t\t\t<\/div>\n\t\t\t\t\t<\/div>\n\t\t\t\t<\/div>\n\t\t\t\t<\/div>\n\t\t\t\t<\/div>","protected":false},"excerpt":{"rendered":"<div class=\"tmnf_excerpt clearfix\"><p>Achilles Kouam\u00e9 Achilles Kouam\u00e9 was born in C\u00f4te d\u2019Ivoire. The slums, the urban scenes of Africa, Canada and elsewhere, driving themes of his pictorial gestures, offer him an abundance of characters, objects, graffitis; colors especially. However, he breaks with the expected photographic approach thanks to the peculiarity of his writing technique which castrates any luminous &hellip;<\/p>\n<\/div>","protected":false},"author":1,"featured_media":0,"parent":5646,"menu_order":0,"comment_status":"closed","ping_status":"closed","template":"homepage.php","meta":{"_monsterinsights_skip_tracking":false,"_monsterinsights_sitenote_active":false,"_monsterinsights_sitenote_note":"","_monsterinsights_sitenote_category":0,"footnotes":""},"class_list":["post-7468","page","type-page","status-publish","hentry"],"aioseo_notices":[],"_links":{"self":[{"href":"https:\/\/museeafrica.com\/fr\/wp-json\/wp\/v2\/pages\/7468","targetHints":{"allow":["GET"]}}],"collection":[{"href":"https:\/\/museeafrica.com\/fr\/wp-json\/wp\/v2\/pages"}],"about":[{"href":"https:\/\/museeafrica.com\/fr\/wp-json\/wp\/v2\/types\/page"}],"author":[{"embeddable":true,"href":"https:\/\/museeafrica.com\/fr\/wp-json\/wp\/v2\/users\/1"}],"replies":[{"embeddable":true,"href":"https:\/\/museeafrica.com\/fr\/wp-json\/wp\/v2\/comments?post=7468"}],"version-history":[{"count":67,"href":"https:\/\/museeafrica.com\/fr\/wp-json\/wp\/v2\/pages\/7468\/revisions"}],"predecessor-version":[{"id":9174,"href":"https:\/\/museeafrica.com\/fr\/wp-json\/wp\/v2\/pages\/7468\/revisions\/9174"}],"up":[{"embeddable":true,"href":"https:\/\/museeafrica.com\/fr\/wp-json\/wp\/v2\/pages\/5646"}],"wp:attachment":[{"href":"https:\/\/museeafrica.com\/fr\/wp-json\/wp\/v2\/media?parent=7468"}],"curies":[{"name":"wp","href":"https:\/\/api.w.org\/{rel}","templated":true}]}}