{"id":7449,"date":"2025-05-14T01:37:15","date_gmt":"2025-05-14T01:37:15","guid":{"rendered":"https:\/\/staging.museeafrica.com\/?page_id=7449"},"modified":"2026-01-18T00:07:08","modified_gmt":"2026-01-18T05:07:08","slug":"stanley-fevrier","status":"publish","type":"page","link":"https:\/\/museeafrica.com\/fr\/exhibitions\/stanley-fevrier\/","title":{"rendered":"Stanley F\u00e9vrier"},"content":{"rendered":"<div data-elementor-type=\"wp-page\" data-elementor-id=\"7449\" class=\"elementor elementor-7449\" data-elementor-post-type=\"page\">\n\t\t\t\t<div class=\"elementor-element elementor-element-3658e368 e-flex e-con-boxed e-con e-parent\" data-id=\"3658e368\" data-element_type=\"container\" data-e-type=\"container\">\n\t\t\t\t\t<div class=\"e-con-inner\">\n\t\t\t\t<div class=\"elementor-element elementor-element-39c52511 elementor-widget elementor-widget-heading\" data-id=\"39c52511\" data-element_type=\"widget\" data-e-type=\"widget\" data-widget_type=\"heading.default\">\n\t\t\t\t<div class=\"elementor-widget-container\">\n\t\t\t\t\t<h1 class=\"elementor-heading-title elementor-size-default\">Stanley F\u00e9vrier<\/h1>\t\t\t\t<\/div>\n\t\t\t\t<\/div>\n\t\t\t\t<div class=\"elementor-element elementor-element-1352bc8a elementor-widget elementor-widget-text-editor\" data-id=\"1352bc8a\" data-element_type=\"widget\" data-e-type=\"widget\" data-widget_type=\"text-editor.default\">\n\t\t\t\t<div class=\"elementor-widget-container\">\n\t\t\t\t\t\t\t\t\t<p class=\"translation-block\">Artiste visuel, Stanley F\u00e9vrier consid\u00e8re l\u2019art comme un vecteur de changement social et porte un regard attentif sur les dynamiques sociales qui se d\u00e9veloppent au sein des soci\u00e9t\u00e9s occidentales. Il interroge la valeur de la vie dans un contexte de mondialisation, \u00e0 travers des trag\u00e9dies contemporaines. Anim\u00e9 par le d\u00e9sir d\u2019activer les consciences collectives et individuelles, l\u2019artiste s\u2019approprie et transforme des images, des vid\u00e9os et des photographies de ces drames, capt\u00e9es sur Internet. Titulaire d\u2019une ma\u00eetrise en arts visuels et m\u00e9diatiques, ses pr\u00e9occupations artistiques et conceptuelles r\u00e9centes portent sur la critique institutionnelle, les questions identitaires et la violence, ainsi que sur les in\u00e9galit\u00e9s qu\u2019elles g\u00e9n\u00e8rent.<\/p>\t\t\t\t\t\t\t\t<\/div>\n\t\t\t\t<\/div>\n\t\t\t\t<div class=\"elementor-element elementor-element-2caa353 elementor-widget-divider--view-line elementor-widget elementor-widget-divider\" data-id=\"2caa353\" data-element_type=\"widget\" data-e-type=\"widget\" data-widget_type=\"divider.default\">\n\t\t\t\t<div class=\"elementor-widget-container\">\n\t\t\t\t\t\t\t<div class=\"elementor-divider\">\n\t\t\t<span class=\"elementor-divider-separator\">\n\t\t\t\t\t\t<\/span>\n\t\t<\/div>\n\t\t\t\t\t\t<\/div>\n\t\t\t\t<\/div>\n\t\t\t\t<div class=\"elementor-element elementor-element-79c7386 elementor-shape-circle e-grid-align-mobile-center elementor-grid-0 e-grid-align-center elementor-widget elementor-widget-social-icons\" data-id=\"79c7386\" data-element_type=\"widget\" data-e-type=\"widget\" data-widget_type=\"social-icons.default\">\n\t\t\t\t<div class=\"elementor-widget-container\">\n\t\t\t\t\t\t\t<div class=\"elementor-social-icons-wrapper elementor-grid\" role=\"list\">\n\t\t\t\t\t\t\t<span class=\"elementor-grid-item\" role=\"listitem\">\n\t\t\t\t\t<a class=\"elementor-icon elementor-social-icon elementor-social-icon-globe elementor-repeater-item-dcf5283\" href=\"https:\/\/www.fevrierstanley.com\" target=\"_blank\">\n\t\t\t\t\t\t<span class=\"elementor-screen-only\">Globe<\/span>\n\t\t\t\t\t\t<svg aria-hidden=\"true\" class=\"e-font-icon-svg e-fas-globe\" viewbox=\"0 0 496 512\" xmlns=\"http:\/\/www.w3.org\/2000\/svg\"><path d=\"M336.5 160C322 70.7 287.8 8 248 8s-74 62.7-88.5 152h177zM152 256c0 22.2 1.2 43.5 3.3 64h185.3c2.1-20.5 3.3-41.8 3.3-64s-1.2-43.5-3.3-64H155.3c-2.1 20.5-3.3 41.8-3.3 64zm324.7-96c-28.6-67.9-86.5-120.4-158-141.6 24.4 33.8 41.2 84.7 50 141.6h108zM177.2 18.4C105.8 39.6 47.8 92.1 19.3 160h108c8.7-56.9 25.5-107.8 49.9-141.6zM487.4 192H372.7c2.1 21 3.3 42.5 3.3 64s-1.2 43-3.3 64h114.6c5.5-20.5 8.6-41.8 8.6-64s-3.1-43.5-8.5-64zM120 256c0-21.5 1.2-43 3.3-64H8.6C3.2 212.5 0 233.8 0 256s3.2 43.5 8.6 64h114.6c-2-21-3.2-42.5-3.2-64zm39.5 96c14.5 89.3 48.7 152 88.5 152s74-62.7 88.5-152h-177zm159.3 141.6c71.4-21.2 129.4-73.7 158-141.6h-108c-8.8 56.9-25.6 107.8-50 141.6zM19.3 352c28.6 67.9 86.5 120.4 158 141.6-24.4-33.8-41.2-84.7-50-141.6h-108z\"><\/path><\/svg>\t\t\t\t\t<\/a>\n\t\t\t\t<\/span>\n\t\t\t\t\t\t\t<span class=\"elementor-grid-item\" role=\"listitem\">\n\t\t\t\t\t<a class=\"elementor-icon elementor-social-icon elementor-social-icon-instagram elementor-repeater-item-aa33871\" href=\"https:\/\/www.instagram.com\/stanleyfevrier\/?hl=en\" target=\"_blank\">\n\t\t\t\t\t\t<span class=\"elementor-screen-only\">Instagram<\/span>\n\t\t\t\t\t\t<svg aria-hidden=\"true\" class=\"e-font-icon-svg e-fab-instagram\" viewbox=\"0 0 448 512\" xmlns=\"http:\/\/www.w3.org\/2000\/svg\"><path d=\"M224.1 141c-63.6 0-114.9 51.3-114.9 114.9s51.3 114.9 114.9 114.9S339 319.5 339 255.9 287.7 141 224.1 141zm0 189.6c-41.1 0-74.7-33.5-74.7-74.7s33.5-74.7 74.7-74.7 74.7 33.5 74.7 74.7-33.6 74.7-74.7 74.7zm146.4-194.3c0 14.9-12 26.8-26.8 26.8-14.9 0-26.8-12-26.8-26.8s12-26.8 26.8-26.8 26.8 12 26.8 26.8zm76.1 27.2c-1.7-35.9-9.9-67.7-36.2-93.9-26.2-26.2-58-34.4-93.9-36.2-37-2.1-147.9-2.1-184.9 0-35.8 1.7-67.6 9.9-93.9 36.1s-34.4 58-36.2 93.9c-2.1 37-2.1 147.9 0 184.9 1.7 35.9 9.9 67.7 36.2 93.9s58 34.4 93.9 36.2c37 2.1 147.9 2.1 184.9 0 35.9-1.7 67.7-9.9 93.9-36.2 26.2-26.2 34.4-58 36.2-93.9 2.1-37 2.1-147.8 0-184.8zM398.8 388c-7.8 19.6-22.9 34.7-42.6 42.6-29.5 11.7-99.5 9-132.1 9s-102.7 2.6-132.1-9c-19.6-7.8-34.7-22.9-42.6-42.6-11.7-29.5-9-99.5-9-132.1s-2.6-102.7 9-132.1c7.8-19.6 22.9-34.7 42.6-42.6 29.5-11.7 99.5-9 132.1-9s102.7-2.6 132.1 9c19.6 7.8 34.7 22.9 42.6 42.6 11.7 29.5 9 99.5 9 132.1s2.7 102.7-9 132.1z\"><\/path><\/svg>\t\t\t\t\t<\/a>\n\t\t\t\t<\/span>\n\t\t\t\t\t\t\t<span class=\"elementor-grid-item\" role=\"listitem\">\n\t\t\t\t\t<a class=\"elementor-icon elementor-social-icon elementor-social-icon-youtube elementor-repeater-item-e90ffb2\" href=\"https:\/\/www.youtube.com\/@stanleyfevrier9018\" target=\"_blank\">\n\t\t\t\t\t\t<span class=\"elementor-screen-only\">Youtube<\/span>\n\t\t\t\t\t\t<svg aria-hidden=\"true\" class=\"e-font-icon-svg e-fab-youtube\" viewbox=\"0 0 576 512\" xmlns=\"http:\/\/www.w3.org\/2000\/svg\"><path d=\"M549.655 124.083c-6.281-23.65-24.787-42.276-48.284-48.597C458.781 64 288 64 288 64S117.22 64 74.629 75.486c-23.497 6.322-42.003 24.947-48.284 48.597-11.412 42.867-11.412 132.305-11.412 132.305s0 89.438 11.412 132.305c6.281 23.65 24.787 41.5 48.284 47.821C117.22 448 288 448 288 448s170.78 0 213.371-11.486c23.497-6.321 42.003-24.171 48.284-47.821 11.412-42.867 11.412-132.305 11.412-132.305s0-89.438-11.412-132.305zm-317.51 213.508V175.185l142.739 81.205-142.739 81.201z\"><\/path><\/svg>\t\t\t\t\t<\/a>\n\t\t\t\t<\/span>\n\t\t\t\t\t<\/div>\n\t\t\t\t\t\t<\/div>\n\t\t\t\t<\/div>\n\t\t\t\t\t<\/div>\n\t\t\t\t<\/div>\n\t\t<div class=\"elementor-element elementor-element-36b75a33 e-con-full e-flex e-con e-parent\" data-id=\"36b75a33\" data-element_type=\"container\" data-e-type=\"container\">\n\t\t\t\t<div class=\"elementor-element elementor-element-44d5e93f elementor-widget elementor-widget-gallery\" data-id=\"44d5e93f\" data-element_type=\"widget\" data-e-type=\"widget\" data-settings=\"{&quot;columns&quot;:2,&quot;gap&quot;:{&quot;unit&quot;:&quot;px&quot;,&quot;size&quot;:14,&quot;sizes&quot;:[]},&quot;lazyload&quot;:&quot;yes&quot;,&quot;gallery_layout&quot;:&quot;grid&quot;,&quot;columns_tablet&quot;:2,&quot;columns_mobile&quot;:1,&quot;gap_tablet&quot;:{&quot;unit&quot;:&quot;px&quot;,&quot;size&quot;:10,&quot;sizes&quot;:[]},&quot;gap_mobile&quot;:{&quot;unit&quot;:&quot;px&quot;,&quot;size&quot;:10,&quot;sizes&quot;:[]},&quot;link_to&quot;:&quot;file&quot;,&quot;aspect_ratio&quot;:&quot;3:2&quot;,&quot;overlay_background&quot;:&quot;yes&quot;,&quot;content_hover_animation&quot;:&quot;fade-in&quot;}\" data-widget_type=\"gallery.default\">\n\t\t\t\t<div class=\"elementor-widget-container\">\n\t\t\t\t\t\t\t<div class=\"elementor-gallery__container\">\n\t\t\t\t\t\t\t<a class=\"e-gallery-item elementor-gallery-item elementor-animated-content\" href=\"https:\/\/museeafrica.com\/wp-content\/uploads\/2025\/05\/Yes-We-Love-You-.jpeg\" data-elementor-open-lightbox=\"yes\" data-elementor-lightbox-slideshow=\"44d5e93f\" data-elementor-lightbox-title=\"Yes-We-Love-You-\" data-e-action-hash=\"#elementor-action%3Aaction%3Dlightbox%26settings%3DeyJpZCI6Nzk3MiwidXJsIjoiaHR0cHM6XC9cL211c2VlYWZyaWNhLmNvbVwvd3AtY29udGVudFwvdXBsb2Fkc1wvMjAyNVwvMDVcL1llcy1XZS1Mb3ZlLVlvdS0uanBlZyIsInNsaWRlc2hvdyI6IjQ0ZDVlOTNmIn0%3D\">\n\t\t\t\t\t<div class=\"e-gallery-image elementor-gallery-item__image\" data-thumbnail=\"https:\/\/museeafrica.com\/wp-content\/uploads\/2025\/05\/Yes-We-Love-You--1024x731.jpeg\" data-width=\"840\" data-height=\"600\" aria-label=\"\" role=\"img\" ><\/div>\n\t\t\t\t\t\t\t\t\t\t\t<div class=\"elementor-gallery-item__overlay\"><\/div>\n\t\t\t\t\t\t\t\t\t\t\t\t\t\t<\/a>\n\t\t\t\t\t\t\t<a class=\"e-gallery-item elementor-gallery-item elementor-animated-content\" href=\"https:\/\/museeafrica.com\/wp-content\/uploads\/2025\/05\/cette-chair.jpeg\" data-elementor-open-lightbox=\"yes\" data-elementor-lightbox-slideshow=\"44d5e93f\" data-elementor-lightbox-title=\"cette-chair\" data-e-action-hash=\"#elementor-action%3Aaction%3Dlightbox%26settings%3DeyJpZCI6Nzk3MywidXJsIjoiaHR0cHM6XC9cL211c2VlYWZyaWNhLmNvbVwvd3AtY29udGVudFwvdXBsb2Fkc1wvMjAyNVwvMDVcL2NldHRlLWNoYWlyLmpwZWciLCJzbGlkZXNob3ciOiI0NGQ1ZTkzZiJ9\">\n\t\t\t\t\t<div class=\"e-gallery-image elementor-gallery-item__image\" data-thumbnail=\"https:\/\/museeafrica.com\/wp-content\/uploads\/2025\/05\/cette-chair-695x1024.jpeg\" data-width=\"695\" data-height=\"1024\" aria-label=\"\" role=\"img\" ><\/div>\n\t\t\t\t\t\t\t\t\t\t\t<div class=\"elementor-gallery-item__overlay\"><\/div>\n\t\t\t\t\t\t\t\t\t\t\t\t\t\t<\/a>\n\t\t\t\t\t\t\t<a class=\"e-gallery-item elementor-gallery-item elementor-animated-content\" href=\"https:\/\/museeafrica.com\/wp-content\/uploads\/2025\/05\/3.jpeg\" data-elementor-open-lightbox=\"yes\" data-elementor-lightbox-slideshow=\"44d5e93f\" data-elementor-lightbox-title=\"3\" data-e-action-hash=\"#elementor-action%3Aaction%3Dlightbox%26settings%3DeyJpZCI6Nzk3NCwidXJsIjoiaHR0cHM6XC9cL211c2VlYWZyaWNhLmNvbVwvd3AtY29udGVudFwvdXBsb2Fkc1wvMjAyNVwvMDVcLzMuanBlZyIsInNsaWRlc2hvdyI6IjQ0ZDVlOTNmIn0%3D\">\n\t\t\t\t\t<div class=\"e-gallery-image elementor-gallery-item__image\" data-thumbnail=\"https:\/\/museeafrica.com\/wp-content\/uploads\/2025\/05\/3-1024x819.jpeg\" data-width=\"840\" data-height=\"672\" aria-label=\"\" role=\"img\" ><\/div>\n\t\t\t\t\t\t\t\t\t\t\t<div class=\"elementor-gallery-item__overlay\"><\/div>\n\t\t\t\t\t\t\t\t\t\t\t\t\t\t<\/a>\n\t\t\t\t\t\t\t<a class=\"e-gallery-item elementor-gallery-item elementor-animated-content\" href=\"https:\/\/museeafrica.com\/wp-content\/uploads\/2025\/05\/4.jpeg\" data-elementor-open-lightbox=\"yes\" data-elementor-lightbox-slideshow=\"44d5e93f\" data-elementor-lightbox-title=\"4\" data-e-action-hash=\"#elementor-action%3Aaction%3Dlightbox%26settings%3DeyJpZCI6Nzk3NSwidXJsIjoiaHR0cHM6XC9cL211c2VlYWZyaWNhLmNvbVwvd3AtY29udGVudFwvdXBsb2Fkc1wvMjAyNVwvMDVcLzQuanBlZyIsInNsaWRlc2hvdyI6IjQ0ZDVlOTNmIn0%3D\">\n\t\t\t\t\t<div class=\"e-gallery-image elementor-gallery-item__image\" data-thumbnail=\"https:\/\/museeafrica.com\/wp-content\/uploads\/2025\/05\/4-1024x819.jpeg\" data-width=\"840\" data-height=\"672\" aria-label=\"\" role=\"img\" ><\/div>\n\t\t\t\t\t\t\t\t\t\t\t<div class=\"elementor-gallery-item__overlay\"><\/div>\n\t\t\t\t\t\t\t\t\t\t\t\t\t\t<\/a>\n\t\t\t\t\t\t\t<a class=\"e-gallery-item elementor-gallery-item elementor-animated-content\" href=\"https:\/\/museeafrica.com\/wp-content\/uploads\/2025\/05\/5.jpeg\" data-elementor-open-lightbox=\"yes\" data-elementor-lightbox-slideshow=\"44d5e93f\" data-elementor-lightbox-title=\"5\" data-e-action-hash=\"#elementor-action%3Aaction%3Dlightbox%26settings%3DeyJpZCI6Nzk3NiwidXJsIjoiaHR0cHM6XC9cL211c2VlYWZyaWNhLmNvbVwvd3AtY29udGVudFwvdXBsb2Fkc1wvMjAyNVwvMDVcLzUuanBlZyIsInNsaWRlc2hvdyI6IjQ0ZDVlOTNmIn0%3D\">\n\t\t\t\t\t<div class=\"e-gallery-image elementor-gallery-item__image\" data-thumbnail=\"https:\/\/museeafrica.com\/wp-content\/uploads\/2025\/05\/5-1024x819.jpeg\" data-width=\"840\" data-height=\"672\" aria-label=\"\" role=\"img\" ><\/div>\n\t\t\t\t\t\t\t\t\t\t\t<div class=\"elementor-gallery-item__overlay\"><\/div>\n\t\t\t\t\t\t\t\t\t\t\t\t\t\t<\/a>\n\t\t\t\t\t<\/div>\n\t\t\t\t\t<\/div>\n\t\t\t\t<\/div>\n\t\t\t\t<\/div>\n\t\t<div class=\"elementor-element elementor-element-f54b63d e-flex e-con-boxed e-con e-parent\" data-id=\"f54b63d\" data-element_type=\"container\" data-e-type=\"container\">\n\t\t\t\t\t<div class=\"e-con-inner\">\n\t\t\t\t<div class=\"elementor-element elementor-element-498de98 elementor-widget elementor-widget-text-editor\" data-id=\"498de98\" data-element_type=\"widget\" data-e-type=\"widget\" data-widget_type=\"text-editor.default\">\n\t\t\t\t<div class=\"elementor-widget-container\">\n\t\t\t\t\t\t\t\t\t<h3><strong>Expositions<\/strong><\/h3><p><strong>Vies possibles<\/strong><\/p><p>Mus\u00e9e d\u2019art contemporain des Laurentides (MACLAU)<\/p><p><strong>Novembre 2021 \u2013 f\u00e9vrier 2022<\/strong><\/p><p><strong>R\u00e9trospective \/ Vies possibles<\/strong><\/p><p>Mus\u00e9e national des beaux-arts du Qu\u00e9bec (MNBAQ)<\/p><p><strong>D\u00e9cembre 2021 \u2013 mai 2022<\/strong><\/p><p><strong>\u00a0Liste des \u0153uvres<\/strong><\/p><p>Oui, nous vous aimons<\/p><p>Pl\u00e2tre, jute<\/p><p>Pleine \u00e9chelle<\/p><p><strong>2020<\/strong><\/p><p class=\"translation-block\">Cr\u00e9dit : Jean Turgeon et Mus\u00e9e des beaux-arts de Montr\u00e9al (MBAM)<\/p><p><strong>Cette chair<\/strong><\/p><p>Pl\u00e2tre, cire, mousse de polyur\u00e9thane et peinture \u00e0 l\u2019huile<\/p><p><strong>143 x 92 x 66.5 cm<\/strong><\/p><p><strong>2017-2019<\/strong><\/p><p>Cr\u00e9dit : Idra Labrie, Mus\u00e9e national des beaux-arts du Qu\u00e9bec (MNBAQ)<\/p><p>3-5 \u2014 Sculptures du projet : Les grands espoirs<\/p><p>Dimensions variables<\/p><p><strong>Pl\u00e2tre<\/strong><\/p><p><strong>2019-2020<\/strong><\/p><p>Cr\u00e9dit : Jean Turgeon<\/p>\t\t\t\t\t\t\t\t<\/div>\n\t\t\t\t<\/div>\n\t\t\t\t\t<\/div>\n\t\t\t\t<\/div>\n\t\t\t\t<\/div>","protected":false},"excerpt":{"rendered":"<div class=\"tmnf_excerpt clearfix\"><p>Stanley F\u00e9vrier Visual artist, Stanley F\u00e9vrier sees art as a vector of social change and takes a keen look at the social dynamics taking shape in Western societies. He questions the value of life in a context of globalization, through contemporary tragedies. In fact, motivated by the desire to activate collective and individual consciousness, the &hellip;<\/p>\n<\/div>","protected":false},"author":1,"featured_media":0,"parent":5646,"menu_order":0,"comment_status":"closed","ping_status":"closed","template":"homepage.php","meta":{"_monsterinsights_skip_tracking":false,"_monsterinsights_sitenote_active":false,"_monsterinsights_sitenote_note":"","_monsterinsights_sitenote_category":0,"footnotes":""},"class_list":["post-7449","page","type-page","status-publish","hentry"],"aioseo_notices":[],"_links":{"self":[{"href":"https:\/\/museeafrica.com\/fr\/wp-json\/wp\/v2\/pages\/7449","targetHints":{"allow":["GET"]}}],"collection":[{"href":"https:\/\/museeafrica.com\/fr\/wp-json\/wp\/v2\/pages"}],"about":[{"href":"https:\/\/museeafrica.com\/fr\/wp-json\/wp\/v2\/types\/page"}],"author":[{"embeddable":true,"href":"https:\/\/museeafrica.com\/fr\/wp-json\/wp\/v2\/users\/1"}],"replies":[{"embeddable":true,"href":"https:\/\/museeafrica.com\/fr\/wp-json\/wp\/v2\/comments?post=7449"}],"version-history":[{"count":28,"href":"https:\/\/museeafrica.com\/fr\/wp-json\/wp\/v2\/pages\/7449\/revisions"}],"predecessor-version":[{"id":10530,"href":"https:\/\/museeafrica.com\/fr\/wp-json\/wp\/v2\/pages\/7449\/revisions\/10530"}],"up":[{"embeddable":true,"href":"https:\/\/museeafrica.com\/fr\/wp-json\/wp\/v2\/pages\/5646"}],"wp:attachment":[{"href":"https:\/\/museeafrica.com\/fr\/wp-json\/wp\/v2\/media?parent=7449"}],"curies":[{"name":"wp","href":"https:\/\/api.w.org\/{rel}","templated":true}]}}