{"id":10233,"date":"2025-10-07T13:31:43","date_gmt":"2025-10-07T17:31:43","guid":{"rendered":"https:\/\/staging.museeafrica.com\/?page_id=10233"},"modified":"2025-10-07T15:51:53","modified_gmt":"2025-10-07T19:51:53","slug":"donate","status":"publish","type":"page","link":"https:\/\/museeafrica.com\/fr\/donate\/","title":{"rendered":"Faire un don"},"content":{"rendered":"<div class=\"charitable-campaign-wrap template-environmental charitable-campaign-wrap-id-10206\">\n\n\t\t<div class=\"charitable-campaign-container\">\n\n\t\t\n\t\t\t\t\t<!-- row START -->\n\t\t\t\t\t<div id=\"charitable-template-row-0\" data-row-id=\"0\" data-row-type=\"row\" class=\"charitable-campaign-row charitable-campaign-row-type-row no-css\">\n\n\t\t\t\t\t<!-- column START --><div data-column-id=\"0\" class=\"charitable-campaign-column charitable-campaign-column-0\"><!-- section START --><div data-section-id=\"0\" data-section-type=\"fields\" class=\"section charitable-field-section\"><div class=\"charitable-campaign-field charitable-campaign-field-photo charitable-campaign-field-container charitable-campaign-align-center charitable-campaign-columns-1\"><div class=\"charitable-campaign-field-inner\" style=\"width: 100%\">\n\t\t\t\t<div class=\"charitable-campaign-primary-image\">\n\t\t\t\t\t<img decoding=\"async\" src=\"https:\/\/museeafrica.com\/wp-content\/uploads\/2025\/10\/fgg-copy.jpg\" alt=\"\" \/>\n\t\t\t\t<\/div>\n\n\n\t\t\t\t<\/div><\/div><\/div><!-- section END -->\n\t\t\t\t\t\t\t\t<\/div>\n\n\t\t\t\t\t\t\t<!-- column END --><!-- column START --><div data-column-id=\"1\" class=\"charitable-campaign-column charitable-campaign-column-1\"><!-- section START --><div data-section-id=\"0\" data-section-type=\"fields\" class=\"section charitable-field-section\"><div class=\"charitable-campaign-field charitable-campaign-field-campaign-description charitable-campaign-field-container charitable-campaign-align-left charitable-campaign-columns-1\"><div class=\"charitable-campaign-field-inner\" style=\"width: 100%\"><div class=\"charitable-field-title-description title-description\" data-field-type=\"campaign-description\">\n\t\t\t\t\t\t\t\t\t<div class=\"placeholder charitable-placeholder\"><h5 class=\"charitable-field-template-headline\">\u00c0 propos de Mus\u00e9e Africa<\/h5>\n\t\t\t\t\t\t\t\t\t\t<div class=\"charitable-campaign-builder-placeholder-template-text charitable-campaign-builder-no-description-template charitable-prevent-select\"><p><strong>Mus\u00e9e Africa<\/strong>&nbsp;est d\u00e9di\u00e9 \u00e0 c\u00e9l\u00e9brer et \u00e0 pr\u00e9server le riche patrimoine de l\u2019Afrique et de sa diaspora. \u00c0 travers des expositions et des programmes, nous honorons le pass\u00e9 tout en inspirant les g\u00e9n\u00e9rations futures.<\/p>\n<p>By supporting us, you help keep African culture alive, respected, and shared with the world.<\/p>\n<\/div>\n\t\t\t\t\t\t\t\t\t<\/div>\n\t\t\t\t\t\t\t\t<\/div><\/div><\/div><div class=\"charitable-campaign-field charitable-campaign-field-donate-amount charitable-campaign-field-container charitable-campaign-align-center charitable-campaign-columns-1\"><div class=\"charitable-campaign-field-inner\" style=\"width: 100%\">\n                <div class=\"charitable-template-donation-options\">\n                <ul class=\"charitable-template-donation-amounts\">\t\t\t\t\t<li class=\"charitable-template-donation-amount suggested-donation-amount\">\n\t\t\t\t\t\t<label>\n\t\t\t\t\t\t\t<input type=\"radio\" name=\"donation_amount\" value=\"5\" >\n\t\t\t\t\t\t\t<span class=\"amount\">&#036;5.00<\/span> \t\t\t\t\t\t<\/label>\n\t\t\t\t\t<\/li>\n\t\t\t\t\t\t\t\t\t\t\t<li class=\"charitable-template-donation-amount suggested-donation-amount\">\n\t\t\t\t\t\t<label>\n\t\t\t\t\t\t\t<input type=\"radio\" name=\"donation_amount\" value=\"10\" >\n\t\t\t\t\t\t\t<span class=\"amount\">&#036;10.00<\/span> \t\t\t\t\t\t<\/label>\n\t\t\t\t\t<\/li>\n\t\t\t\t\t\t\t\t\t\t\t<li class=\"charitable-template-donation-amount suggested-donation-amount selected\">\n\t\t\t\t\t\t<label>\n\t\t\t\t\t\t\t<input type=\"radio\" name=\"donation_amount\" value=\"15\" checked=\"&quot;true&quot;\">\n\t\t\t\t\t\t\t<span class=\"amount\">&#036;15.00<\/span> \t\t\t\t\t\t<\/label>\n\t\t\t\t\t<\/li>\n\t\t\t\t\t\t\t\t\t\t\t<li class=\"charitable-template-donation-amount suggested-donation-amount\">\n\t\t\t\t\t\t<label>\n\t\t\t\t\t\t\t<input type=\"radio\" name=\"donation_amount\" value=\"20\" >\n\t\t\t\t\t\t\t<span class=\"amount\">&#036;20.00<\/span> \t\t\t\t\t\t<\/label>\n\t\t\t\t\t<\/li>\n\t\t\t\t\t\t\n\t\t\t\t\n\t\t\t\t<li class=\"charitable-template-donation-amount custom-donation-amount\"> \t\t\t\t\t<span class=\"custom-donation-amount-wrapper\">\n\t\t\t\t\t<label>\n\t\t\t\t\t<input type=\"radio\" name=\"donation_amount\" value=\"custom\"><span class=\"description\">Montant personnalis\u00e9<\/span>\n\t\t\t\t\t<\/label>\n\t\t\t\t\t<input type=\"text\"  class=\"custom-donation-input\" name=\"custom_donation_amount\" placeholder=\"Montant de don personnalis\u00e9\" value=\"\">\n\t\t\t\t\t<\/span>\n\t\t\t\t<\/li>\n\n\t\t\t\t\n            <\/ul>\n            <\/div><\/div><\/div><div class=\"charitable-campaign-field charitable-campaign-field-campaign-summary charitable-campaign-field-container charitable-campaign-align-left charitable-campaign-columns-1\"><div class=\"charitable-campaign-field-inner\" style=\"width: 100%\"><div class=\"charitable-field-template-campaign-summary charitable-prevent-select\"><div class=\"charitable-main-placeholder\"><h5 class=\"charitable-field-template-headline\"><\/h5><\/div>\n\t\t\t\t\t\t<div class=\"campaign-raised campaign-summary-item campaign_hide_percent_raised charitable-hidden\">\n\t\t\t\t<span class=\"amount\">&nbsp;&nbsp;<\/span> atteint\t\t\t<\/div>\n\n\t\t\t\t\t\t\t<div class=\"campaign-figures campaign-summary-item campaign_hide_amount_donated\"><span class=\"amount\">&#36;0.00<\/span> atteint<\/div>\n\t\t\t\n\t\t\t\n\t\t\t<div class=\"campaign-donors campaign-summary-item campaign_hide_number_of_donors\">\n\t\t\t<span class=\"donors-count\">0<\/span> contributeurs\t\t\t<\/div>\n\n\t\t\t\n\t\t\t<div class=\"campaign-time-left campaign-summary-item campaign_hide_time_remaining charitable-hidden\">\n\t\t\t<span class=\"amount time-left days-left\">XX<\/span> Days Left\t\t\t<\/div>\n\n\t\t\t\t<\/div><\/div><\/div><div class=\"charitable-campaign-field charitable-campaign-field-donate-button charitable-campaign-field-container charitable-campaign-align-left charitable-campaign-columns-1\"><div class=\"charitable-campaign-field-inner\" style=\"width: 100%\">\n\t\t\t<div >\n\n\t\t\t\n\t\t\t\t<form class=\"campaign-donation\" method=\"post\" action=\"\">\n\t\t\t\t\t<input type=\"hidden\" id=\"charitable-donate-now\" name=\"charitable-donate-now\" value=\"6cfcd1b2ff\" \/><input type=\"hidden\" name=\"_wp_http_referer\" value=\"\/fr\/wp-json\/wp\/v2\/pages\/10233\" \/>\t\t\t\t\t<input type=\"hidden\" name=\"charitable_action\" value=\"start_donation\" \/>\n\t\t\t\t\t<input type=\"hidden\" name=\"campaign_id\" value=\"10206\" \/>\n\t\t\t\t\t<input type=\"hidden\" name=\"charitable_donation_amount\" value=\"\" \/>\n\t\t\t\t\t<input type=\"hidden\" name=\"charitable_builder\" value=\"true\" \/>\n\t\t\t\t\t<button type=\"submit\" name=\"charitable_submit\" class=\"button charitable-button donate-button button-primary\">Faites un don maintenant<\/button>\n\t\t\t\t<input type=\"hidden\" name=\"trp-form-language\" value=\"fr\"\/><\/form>\n\n\t\t\t\n\t\t\t<\/div>\n\n\n\n\t\t\t<\/div><\/div><div class=\"charitable-campaign-field charitable-campaign-field-social-links charitable-campaign-field-container charitable-campaign-align-left charitable-campaign-columns-1\"><div class=\"charitable-campaign-field-inner\" style=\"width: 100%\"><div class=\"charitable-field-template-social-linking\"><div class=\"charitable-field-row charitable-field-row-social-linking\"><div class=\"charitable-social-field-column charitable-social-linking-template-facebook\">\n\t\t\t\t\t\t\t\t\t<div class=\"charitable-campaign-social-link\" data-social-network=\"facebook\">\n\t\t\t\t\t\t\t\t\t\t<a href=\"https:\/\/www.facebook.com\/museeafrica\" >\n\t\t\t\t\t\t\t\t\t\t\t<div><img decoding=\"async\" title=\"Facebook\"  src=\"https:\/\/museeafrica.com\/wp-content\/plugins\/charitable\/assets\/images\/campaign-builder\/fields\/social-sharing\/facebook-dark.svg\" alt=\"Facebook\" \/><\/div>\n\t\t\t\t\t\t\t\t\t\t\t<p>Facebook<\/p>\n\t\t\t\t\t\t\t\t\t\t<\/a>\n\t\t\t\t\t\t\t\t\t<\/div>\n\t\t\t\t\t\t\t\t<\/div><div class=\"charitable-social-field-column charitable-social-linking-template-instagram\">\n\t\t\t\t\t\t\t\t\t<div class=\"charitable-campaign-social-link\" data-social-network=\"instagram\">\n\t\t\t\t\t\t\t\t\t\t<a href=\"https:\/\/www.instagram.com\/museeafrica\/\" >\n\t\t\t\t\t\t\t\t\t\t\t<div><img decoding=\"async\" title=\"Instagram\"  src=\"https:\/\/museeafrica.com\/wp-content\/plugins\/charitable\/assets\/images\/campaign-builder\/fields\/social-sharing\/instagram-dark.svg\" alt=\"Instagram\" \/><\/div>\n\t\t\t\t\t\t\t\t\t\t\t<p>Instagram<\/p>\n\t\t\t\t\t\t\t\t\t\t<\/a>\n\t\t\t\t\t\t\t\t\t<\/div>\n\t\t\t\t\t\t\t\t<\/div><div class=\"charitable-social-linking-no-links charitable-hidden\">\n\t\t\t\t\t\t\t<p><em>Ajoutez une URL \u00e0 un r\u00e9seau social dans les r\u00e9glages du champ \u00e0 gauche pour que les ic\u00f4nes commencent \u00e0 s\u2019afficher ici.<\/em><\/p>\n\t\t\t\t\t\t<\/div><\/div><\/div><\/div><\/div><\/div><!-- section END -->\n\t\t\t\t\t\t\t\t<\/div>\n\n\t\t\t\t\t\t\t<!-- column END -->\n\t\t\t\t\t<\/div>\n\n\t\t\t\t\t<!-- row END -->\n\t\t\t\t\n\t\t\t\t\t<!-- row START -->\n\t\t\t\t\t<div id=\"charitable-template-row-1\" data-row-id=\"1\" data-row-type=\"row\" class=\"charitable-campaign-row charitable-campaign-row-type-row no-padding no-field-target no-field-wrap\">\n\n\t\t\t\t\t<!-- column START --><div data-column-id=\"2\" class=\"charitable-campaign-column charitable-campaign-column-2\"><!-- section START --><div data-section-id=\"0\" data-section-type=\"tabs\" class=\"section charitable-field-section\">\t\t\t\t\t\t\t\t\t<article>\n\t\t\t\t\t\t\t\t\t\t\t\t\t\t\t\t\t\t\t\t<div class=\"tab-content\">\n\n\t\t\t\t\t\t\t\t\t\t\t<ul class=\"charitable-tabs\">\n\n\t\t\t\t\t\t\t\t\t\t\t\n\t\t\t\t\t\t\t\t\t\t\t\t\t\t\t\t\t\t\t\t\t\t\t\t\t<li id=\"tab_0_content\" class=\"tab_content_item tab_type_ active\" data-tab-type=\"\" data-tab-id=\"0\">\n\n\t\t\t\t\t\t\t\t\t\t\t\t\t\t\t<div class=\"charitable-tab-wrap\">\n\n\t\t\t\t\t\t\t\t\t\t\t\t\t<div class=\"charitable-campaign-field charitable-campaign-field-text charitable-campaign-field-container charitable-campaign-align-left charitable-campaign-columns-1\"><div class=\"charitable-campaign-field-inner\" style=\"width: 100%\"><div class=\"charitable-field-text\" data-field-type=\"text\">\n\t\t\t\t\t\t\t\t\t<div class=\"placeholder\"><h5 class=\"charitable-field-template-headline\">Votre soutien aura un impact significatif.<\/h5>\n\t\t\t\t\t\t\t\t\t\t<div class=\"charitable-campaign-builder-placeholder-template-text charitable-prevent-select\"><p>Gr\u00e2ce \u00e0 vos contributions, le Mus\u00e9e Africa pourra organiser des initiatives communautaires qui c\u00e9l\u00e8brent et pr\u00e9servent la culture, l\u2019histoire et l\u2019art africains. Vos dons nous aideront \u00e0 proposer des ateliers culturels, des expositions et des programmes \u00e9ducatifs qui valorisent les jeunes et favorisent une appr\u00e9ciation plus profonde de notre patrimoine commun.<\/p>\n<p>By supporting Mus\u00e9e Africa, you are helping to build a space where learning, creativity, and cultural pride thrive. Together, we can inspire a new generation to connect with their roots, embrace their identity, and contribute to a vibrant cultural legacy.<\/p>\n<p>Every contribution\u2014big or small\u2014brings us closer to sustaining our mission of preserving Africa\u2019s rich stories and traditions for future generations. Join us in this vital endeavor and help us create a lasting ripple effect that uplifts both our community and the broader cultural landscape.<\/p>\n<\/div>\n\t\t\t\t\t\t\t\t\t<\/div>\n\t\t\t\t\t\t\t\t<\/div><\/div><\/div><div class=\"charitable-campaign-field charitable-campaign-field-photo charitable-campaign-field-container charitable-campaign-align-center charitable-campaign-columns-1\"><div class=\"charitable-campaign-field-inner\" style=\"width: 100%\">\n\t\t\t\t<div class=\"charitable-campaign-primary-image\">\n\t\t\t\t\t<img decoding=\"async\" src=\"https:\/\/museeafrica.com\/wp-content\/uploads\/2025\/08\/tribal-woodwork-on-display-free-photo.jpeg\" alt=\"\" \/>\n\t\t\t\t<\/div>\n\n\n\t\t\t\t<\/div><\/div>\t\t\t\t\t\t\t\t\t\t\t\t\t\t\t<\/div>\n\n\t\t\t\t\t\t\t\t\t\t\t\t\t\t<\/li>\n\n\t\t\t\t\t\t\t\t\t\t\t\t\t\n\t\t\t\t\t\t\t\t\t\t\t\t\t\t\t\t\t\t\t\t\t\t\t<\/ul>\n\t\t\t\t\t\t\t\t\t\t<\/div>\n\t\t\t\t\t\t\t\t\t<\/article>\n\n\t\t\t\t\t\t\t\t\t\n\t\t\t\t\t\t\t\t\t<\/div><!-- section END -->\n\t\t\t\t\t\t\t\t<\/div>\n\n\t\t\t\t\t\t\t<!-- column END -->\n\t\t\t\t\t<\/div>\n\n\t\t\t\t\t<!-- row END -->\n\t\t\t\t\n\t\t\t<\/div>\n\t\t<\/div>\n\n\t\n\n\n<p><\/p>","protected":false},"excerpt":{"rendered":"<div class=\"tmnf_excerpt clearfix\"><\/div>","protected":false},"author":1,"featured_media":0,"parent":0,"menu_order":0,"comment_status":"closed","ping_status":"closed","template":"redux-templates_full_width","meta":{"_monsterinsights_skip_tracking":false,"_monsterinsights_sitenote_active":false,"_monsterinsights_sitenote_note":"","_monsterinsights_sitenote_category":0,"footnotes":""},"class_list":["post-10233","page","type-page","status-publish","hentry"],"aioseo_notices":[],"_links":{"self":[{"href":"https:\/\/museeafrica.com\/fr\/wp-json\/wp\/v2\/pages\/10233","targetHints":{"allow":["GET"]}}],"collection":[{"href":"https:\/\/museeafrica.com\/fr\/wp-json\/wp\/v2\/pages"}],"about":[{"href":"https:\/\/museeafrica.com\/fr\/wp-json\/wp\/v2\/types\/page"}],"author":[{"embeddable":true,"href":"https:\/\/museeafrica.com\/fr\/wp-json\/wp\/v2\/users\/1"}],"replies":[{"embeddable":true,"href":"https:\/\/museeafrica.com\/fr\/wp-json\/wp\/v2\/comments?post=10233"}],"version-history":[{"count":7,"href":"https:\/\/museeafrica.com\/fr\/wp-json\/wp\/v2\/pages\/10233\/revisions"}],"predecessor-version":[{"id":10246,"href":"https:\/\/museeafrica.com\/fr\/wp-json\/wp\/v2\/pages\/10233\/revisions\/10246"}],"wp:attachment":[{"href":"https:\/\/museeafrica.com\/fr\/wp-json\/wp\/v2\/media?parent=10233"}],"curies":[{"name":"wp","href":"https:\/\/api.w.org\/{rel}","templated":true}]}}